{"id":424,"date":"2016-08-19T07:34:15","date_gmt":"2016-08-19T07:34:15","guid":{"rendered":"https:\/\/raratheme.com\/preview\/mugu\/?page_id=424"},"modified":"2024-12-12T12:46:23","modified_gmt":"2024-12-12T18:46:23","slug":"inicio-3","status":"publish","type":"page","link":"https:\/\/www.quehacerenyucatan.com.mx\/","title":{"rendered":"Home"},"content":{"rendered":"\n<div class=\"wp-block-group\"><div class=\"wp-block-group__inner-container is-layout-flow wp-block-group-is-layout-flow\">\n<h3 class=\"wp-block-heading\">ZONAS ARQUEOL\u00d3GICAS<\/h3>\n<\/div><\/div>\n\n\n<div class=\"pt-cv-wrapper\"><div class=\"pt-cv-view pt-cv-grid pt-cv-colsys\" id=\"pt-cv-view-f3b2cd43xb\"><div data-id=\"pt-cv-page-1\" class=\"pt-cv-page\" data-cvc=\"2\"><div class=\"col-md-6 col-sm-6 col-xs-12 pt-cv-content-item pt-cv-1-col\" ><div class='pt-cv-ifield'><a href=\"https:\/\/www.quehacerenyucatan.com.mx\/?p=10534\" class=\"_self pt-cv-href-thumbnail pt-cv-thumb-default\" target=\"_self\" ><img decoding=\"async\" width=\"300\" height=\"169\" data-src=\"https:\/\/www.quehacerenyucatan.com.mx\/wp-content\/uploads\/2026\/03\/IMG_9098-300x169.webp\" class=\"pt-cv-thumbnail lazyload\" alt=\"\" data-srcset=\"https:\/\/www.quehacerenyucatan.com.mx\/wp-content\/uploads\/2026\/03\/IMG_9098-300x169.webp 300w, https:\/\/www.quehacerenyucatan.com.mx\/wp-content\/uploads\/2026\/03\/IMG_9098.webp 624w\" data-sizes=\"(max-width: 300px) 100vw, 300px\" src=\"data:image\/svg+xml;base64,PHN2ZyB3aWR0aD0iMSIgaGVpZ2h0PSIxIiB4bWxucz0iaHR0cDovL3d3dy53My5vcmcvMjAwMC9zdmciPjwvc3ZnPg==\" style=\"--smush-placeholder-width: 300px; --smush-placeholder-aspect-ratio: 300\/169;\" \/><\/a>\n<h4 class=\"pt-cv-title\"><a href=\"https:\/\/www.quehacerenyucatan.com.mx\/?p=10534\" class=\"_self\" target=\"_self\" >La Ruta Puuc: gu\u00eda completa<\/a><\/h4>\n<div class=\"pt-cv-content\">La Ruta Puuc es uno de los recorridos tur\u00edsticos y culturales m\u00e1s importantes del estado de Yucat\u00e1n. Este circuito arqueol\u00f3gico ...<br \/><div class=\"pt-cv-rmwrap\"><a href=\"https:\/\/www.quehacerenyucatan.com.mx\/?p=10534\" class=\"_self pt-cv-readmore btn btn-success\" target=\"_self\">Leer M\u00e1s<\/a><\/div><\/div><\/div><\/div>\n<div class=\"col-md-6 col-sm-6 col-xs-12 pt-cv-content-item pt-cv-1-col\" ><div class='pt-cv-ifield'><a href=\"https:\/\/www.quehacerenyucatan.com.mx\/?p=10520\" class=\"_self pt-cv-href-thumbnail pt-cv-thumb-default\" target=\"_self\" ><img decoding=\"async\" width=\"300\" height=\"200\" data-src=\"https:\/\/www.quehacerenyucatan.com.mx\/wp-content\/uploads\/2026\/03\/IMG_9055-300x200.jpeg\" class=\"pt-cv-thumbnail lazyload\" alt=\"\" data-srcset=\"https:\/\/www.quehacerenyucatan.com.mx\/wp-content\/uploads\/2026\/03\/IMG_9055-300x200.jpeg 300w, https:\/\/www.quehacerenyucatan.com.mx\/wp-content\/uploads\/2026\/03\/IMG_9055-768x512.jpeg 768w, https:\/\/www.quehacerenyucatan.com.mx\/wp-content\/uploads\/2026\/03\/IMG_9055.jpeg 900w\" data-sizes=\"(max-width: 300px) 100vw, 300px\" src=\"data:image\/svg+xml;base64,PHN2ZyB3aWR0aD0iMSIgaGVpZ2h0PSIxIiB4bWxucz0iaHR0cDovL3d3dy53My5vcmcvMjAwMC9zdmciPjwvc3ZnPg==\" style=\"--smush-placeholder-width: 300px; --smush-placeholder-aspect-ratio: 300\/200;\" \/><\/a>\n<h4 class=\"pt-cv-title\"><a href=\"https:\/\/www.quehacerenyucatan.com.mx\/?p=10520\" class=\"_self\" target=\"_self\" >Qu\u00e9 llevar al visitar zonas arqueol\u00f3gicas en Yucat\u00e1n<\/a><\/h4>\n<div class=\"pt-cv-content\">Visitar las zonas arqueol\u00f3gicas de Yucat\u00e1n es una experiencia cultural y natural \u00fanica. Sitios como Chich\u00e9n Itz\u00e1, Uxmal y Ek ...<br \/><div class=\"pt-cv-rmwrap\"><a href=\"https:\/\/www.quehacerenyucatan.com.mx\/?p=10520\" class=\"_self pt-cv-readmore btn btn-success\" target=\"_self\">Leer M\u00e1s<\/a><\/div><\/div><\/div><\/div><\/div><\/div><\/div>\n\n\n\n<hr class=\"wp-block-separator has-css-opacity\"\/>\n\n\n\n<h3 class=\"wp-block-heading\">PLAYAS<\/h3>\n\n\n<div class=\"pt-cv-wrapper\"><div class=\"pt-cv-view pt-cv-grid pt-cv-colsys\" id=\"pt-cv-view-9d3657361h\"><div data-id=\"pt-cv-page-1\" class=\"pt-cv-page\" data-cvc=\"2\"><div class=\"col-md-6 col-sm-6 col-xs-12 pt-cv-content-item pt-cv-1-col\" ><div class='pt-cv-ifield'><a href=\"https:\/\/www.quehacerenyucatan.com.mx\/?p=10584\" class=\"_self pt-cv-href-thumbnail pt-cv-thumb-default\" target=\"_self\" ><img decoding=\"async\" width=\"300\" height=\"169\" data-src=\"https:\/\/www.quehacerenyucatan.com.mx\/wp-content\/uploads\/2026\/03\/IMG_9387-300x169.jpeg\" class=\"pt-cv-thumbnail lazyload\" alt=\"\" data-srcset=\"https:\/\/www.quehacerenyucatan.com.mx\/wp-content\/uploads\/2026\/03\/IMG_9387-300x169.jpeg 300w, https:\/\/www.quehacerenyucatan.com.mx\/wp-content\/uploads\/2026\/03\/IMG_9387-768x432.jpeg 768w, https:\/\/www.quehacerenyucatan.com.mx\/wp-content\/uploads\/2026\/03\/IMG_9387.jpeg 1024w\" data-sizes=\"(max-width: 300px) 100vw, 300px\" src=\"data:image\/svg+xml;base64,PHN2ZyB3aWR0aD0iMSIgaGVpZ2h0PSIxIiB4bWxucz0iaHR0cDovL3d3dy53My5vcmcvMjAwMC9zdmciPjwvc3ZnPg==\" style=\"--smush-placeholder-width: 300px; --smush-placeholder-aspect-ratio: 300\/169;\" \/><\/a>\n<h4 class=\"pt-cv-title\"><a href=\"https:\/\/www.quehacerenyucatan.com.mx\/?p=10584\" class=\"_self\" target=\"_self\" >Lugares para visitar esta Semana Santa en Yucat\u00e1n<\/a><\/h4>\n<div class=\"pt-cv-content\">Yucat\u00e1n es uno de los mejores destinos para Semana Santa en M\u00e9xico por su combinaci\u00f3n de playas, cenotes, cultura maya, ...<br \/><div class=\"pt-cv-rmwrap\"><a href=\"https:\/\/www.quehacerenyucatan.com.mx\/?p=10584\" class=\"_self pt-cv-readmore btn btn-success\" target=\"_self\">Leer M\u00e1s<\/a><\/div><\/div><\/div><\/div>\n<div class=\"col-md-6 col-sm-6 col-xs-12 pt-cv-content-item pt-cv-1-col\" ><div class='pt-cv-ifield'><a href=\"https:\/\/www.quehacerenyucatan.com.mx\/?p=10489\" class=\"_self pt-cv-href-thumbnail pt-cv-thumb-default\" target=\"_self\" ><img decoding=\"async\" width=\"300\" height=\"166\" data-src=\"https:\/\/www.quehacerenyucatan.com.mx\/wp-content\/uploads\/2026\/02\/IMG_8817-300x166.jpeg\" class=\"pt-cv-thumbnail lazyload\" alt=\"\" data-srcset=\"https:\/\/www.quehacerenyucatan.com.mx\/wp-content\/uploads\/2026\/02\/IMG_8817-300x166.jpeg 300w, https:\/\/www.quehacerenyucatan.com.mx\/wp-content\/uploads\/2026\/02\/IMG_8817-768x425.jpeg 768w, https:\/\/www.quehacerenyucatan.com.mx\/wp-content\/uploads\/2026\/02\/IMG_8817.jpeg 1000w\" data-sizes=\"(max-width: 300px) 100vw, 300px\" src=\"data:image\/svg+xml;base64,PHN2ZyB3aWR0aD0iMSIgaGVpZ2h0PSIxIiB4bWxucz0iaHR0cDovL3d3dy53My5vcmcvMjAwMC9zdmciPjwvc3ZnPg==\" style=\"--smush-placeholder-width: 300px; --smush-placeholder-aspect-ratio: 300\/166;\" \/><\/a>\n<h4 class=\"pt-cv-title\"><a href=\"https:\/\/www.quehacerenyucatan.com.mx\/?p=10489\" class=\"_self\" target=\"_self\" >Gu\u00eda completa para visitar Progreso en temporada alta: qu\u00e9 hacer, d\u00f3nde ir y c\u00f3mo aprovechar tu viaje<\/a><\/h4>\n<div class=\"pt-cv-content\">Ubicado a tan solo 30 minutos de M\u00e9rida, el puerto de Progreso es uno de los destinos de playa m\u00e1s ...<br \/><div class=\"pt-cv-rmwrap\"><a href=\"https:\/\/www.quehacerenyucatan.com.mx\/?p=10489\" class=\"_self pt-cv-readmore btn btn-success\" target=\"_self\">Leer M\u00e1s<\/a><\/div><\/div><\/div><\/div><\/div><\/div><\/div>\n\n\n\n<hr class=\"wp-block-separator has-css-opacity\"\/>\n\n\n\n<h3 class=\"wp-block-heading\">SITIOS Y MONUMENTOS<\/h3>\n\n\n<div class=\"pt-cv-wrapper\"><div class=\"pt-cv-view pt-cv-grid pt-cv-colsys\" id=\"pt-cv-view-57a5f6f8tk\"><div data-id=\"pt-cv-page-1\" class=\"pt-cv-page\" data-cvc=\"2\"><div class=\"col-md-6 col-sm-6 col-xs-12 pt-cv-content-item pt-cv-1-col\" ><div class='pt-cv-ifield'><a href=\"https:\/\/www.quehacerenyucatan.com.mx\/?p=9961\" class=\"_self pt-cv-href-thumbnail pt-cv-thumb-default\" target=\"_self\" ><img decoding=\"async\" width=\"300\" height=\"200\" data-src=\"https:\/\/www.quehacerenyucatan.com.mx\/wp-content\/uploads\/2025\/10\/IMG_7663-300x200.jpeg\" class=\"pt-cv-thumbnail lazyload\" alt=\"\" data-srcset=\"https:\/\/www.quehacerenyucatan.com.mx\/wp-content\/uploads\/2025\/10\/IMG_7663-300x200.jpeg 300w, https:\/\/www.quehacerenyucatan.com.mx\/wp-content\/uploads\/2025\/10\/IMG_7663-1024x682.jpeg 1024w, https:\/\/www.quehacerenyucatan.com.mx\/wp-content\/uploads\/2025\/10\/IMG_7663-768x511.jpeg 768w, https:\/\/www.quehacerenyucatan.com.mx\/wp-content\/uploads\/2025\/10\/IMG_7663.jpeg 1200w\" data-sizes=\"(max-width: 300px) 100vw, 300px\" src=\"data:image\/svg+xml;base64,PHN2ZyB3aWR0aD0iMSIgaGVpZ2h0PSIxIiB4bWxucz0iaHR0cDovL3d3dy53My5vcmcvMjAwMC9zdmciPjwvc3ZnPg==\" style=\"--smush-placeholder-width: 300px; --smush-placeholder-aspect-ratio: 300\/200;\" \/><\/a>\n<h4 class=\"pt-cv-title\"><a href=\"https:\/\/www.quehacerenyucatan.com.mx\/?p=9961\" class=\"_self\" target=\"_self\" >Monumentos emblem\u00e1ticos de Yucat\u00e1n: historia viva entre piedra y memoria<\/a><\/h4>\n<div class=\"pt-cv-content\">El estado de Yucat\u00e1n, reconocido por su riqueza cultural y arqueol\u00f3gica, resguarda una gran variedad de monumentos que reflejan tanto ...<br \/><div class=\"pt-cv-rmwrap\"><a href=\"https:\/\/www.quehacerenyucatan.com.mx\/?p=9961\" class=\"_self pt-cv-readmore btn btn-success\" target=\"_self\">Leer M\u00e1s<\/a><\/div><\/div><\/div><\/div>\n<div class=\"col-md-6 col-sm-6 col-xs-12 pt-cv-content-item pt-cv-1-col\" ><div class='pt-cv-ifield'><a href=\"https:\/\/www.quehacerenyucatan.com.mx\/?p=6639\" class=\"_self pt-cv-href-thumbnail pt-cv-thumb-default\" target=\"_self\" ><img decoding=\"async\" width=\"300\" height=\"169\" data-src=\"https:\/\/www.quehacerenyucatan.com.mx\/wp-content\/uploads\/2023\/09\/WhatsApp_Image_2022-02-24_at_1.26.25_PM.6217e1fcab50c-300x169.jpeg\" class=\"pt-cv-thumbnail lazyload\" alt=\"\" data-srcset=\"https:\/\/www.quehacerenyucatan.com.mx\/wp-content\/uploads\/2023\/09\/WhatsApp_Image_2022-02-24_at_1.26.25_PM.6217e1fcab50c-300x169.jpeg 300w, https:\/\/www.quehacerenyucatan.com.mx\/wp-content\/uploads\/2023\/09\/WhatsApp_Image_2022-02-24_at_1.26.25_PM.6217e1fcab50c-1024x576.jpeg 1024w, https:\/\/www.quehacerenyucatan.com.mx\/wp-content\/uploads\/2023\/09\/WhatsApp_Image_2022-02-24_at_1.26.25_PM.6217e1fcab50c-768x432.jpeg 768w, https:\/\/www.quehacerenyucatan.com.mx\/wp-content\/uploads\/2023\/09\/WhatsApp_Image_2022-02-24_at_1.26.25_PM.6217e1fcab50c.jpeg 1080w\" data-sizes=\"(max-width: 300px) 100vw, 300px\" src=\"data:image\/svg+xml;base64,PHN2ZyB3aWR0aD0iMSIgaGVpZ2h0PSIxIiB4bWxucz0iaHR0cDovL3d3dy53My5vcmcvMjAwMC9zdmciPjwvc3ZnPg==\" style=\"--smush-placeholder-width: 300px; --smush-placeholder-aspect-ratio: 300\/169;\" \/><\/a>\n<h4 class=\"pt-cv-title\"><a href=\"https:\/\/www.quehacerenyucatan.com.mx\/?p=6639\" class=\"_self\" target=\"_self\" >Estadio Salvador Alvarado<\/a><\/h4>\n<div class=\"pt-cv-content\">El Estadio Salvador Alvarado, ubicado en la ciudad de M\u00e9rida, Yucat\u00e1n, es un complejo deportivo importante en la regi\u00f3n. Aqu\u00ed ...<br \/><div class=\"pt-cv-rmwrap\"><a href=\"https:\/\/www.quehacerenyucatan.com.mx\/?p=6639\" class=\"_self pt-cv-readmore btn btn-success\" target=\"_self\">Leer M\u00e1s<\/a><\/div><\/div><\/div><\/div><\/div><\/div><\/div>\n\n\n\n<hr class=\"wp-block-separator has-css-opacity\"\/>\n\n\n\n<h3 class=\"wp-block-heading\">SERVICIOS TUR\u00cdSTICOS<\/h3>\n\n\n<div class=\"pt-cv-wrapper\"><div class=\"pt-cv-view pt-cv-grid pt-cv-colsys\" id=\"pt-cv-view-4adbdedhyv\"><div data-id=\"pt-cv-page-1\" class=\"pt-cv-page\" data-cvc=\"2\"><div class=\"col-md-6 col-sm-6 col-xs-12 pt-cv-content-item pt-cv-1-col\" ><div class='pt-cv-ifield'><a href=\"https:\/\/www.quehacerenyucatan.com.mx\/?p=2998\" class=\"_self pt-cv-href-thumbnail pt-cv-thumb-default\" target=\"_self\" ><img decoding=\"async\" width=\"300\" height=\"166\" data-src=\"https:\/\/www.quehacerenyucatan.com.mx\/wp-content\/uploads\/2022\/09\/WhatsApp-Image-2022-09-22-at-10.00.18-300x166.jpeg\" class=\"pt-cv-thumbnail lazyload\" alt=\"\" data-srcset=\"https:\/\/www.quehacerenyucatan.com.mx\/wp-content\/uploads\/2022\/09\/WhatsApp-Image-2022-09-22-at-10.00.18-300x166.jpeg 300w, https:\/\/www.quehacerenyucatan.com.mx\/wp-content\/uploads\/2022\/09\/WhatsApp-Image-2022-09-22-at-10.00.18-768x425.jpeg 768w, https:\/\/www.quehacerenyucatan.com.mx\/wp-content\/uploads\/2022\/09\/WhatsApp-Image-2022-09-22-at-10.00.18.jpeg 1024w\" data-sizes=\"(max-width: 300px) 100vw, 300px\" src=\"data:image\/svg+xml;base64,PHN2ZyB3aWR0aD0iMSIgaGVpZ2h0PSIxIiB4bWxucz0iaHR0cDovL3d3dy53My5vcmcvMjAwMC9zdmciPjwvc3ZnPg==\" style=\"--smush-placeholder-width: 300px; --smush-placeholder-aspect-ratio: 300\/166;\" \/><\/a>\n<h4 class=\"pt-cv-title\"><a href=\"https:\/\/www.quehacerenyucatan.com.mx\/?p=2998\" class=\"_self\" target=\"_self\" >Casa Azul: Hist\u00f3rica fachada<\/a><\/h4>\n<div class=\"pt-cv-content\">CASA AZUL ES EL EMBLEM\u00c1TICO HOTEL UBICADO EN YUCAT\u00c1N QUE RECIENTEMENTE HA SIDO MERECEDOR DEL RECONOCIDO GALARD\u00d3N \u201cBEST SMAL PROPERTY ...<br \/><div class=\"pt-cv-rmwrap\"><a href=\"https:\/\/www.quehacerenyucatan.com.mx\/?p=2998\" class=\"_self pt-cv-readmore btn btn-success\" target=\"_self\">Leer M\u00e1s<\/a><\/div><\/div><\/div><\/div>\n<div class=\"col-md-6 col-sm-6 col-xs-12 pt-cv-content-item pt-cv-1-col\" ><div class='pt-cv-ifield'><a href=\"https:\/\/www.quehacerenyucatan.com.mx\/?p=5138\" class=\"_self pt-cv-href-thumbnail pt-cv-thumb-default\" target=\"_self\" ><img decoding=\"async\" width=\"300\" height=\"225\" data-src=\"https:\/\/www.quehacerenyucatan.com.mx\/wp-content\/uploads\/2022\/12\/tsukan-santurio-de-vida-300x225.jpg\" class=\"pt-cv-thumbnail lazyload\" alt=\"\" data-srcset=\"https:\/\/www.quehacerenyucatan.com.mx\/wp-content\/uploads\/2022\/12\/tsukan-santurio-de-vida-300x225.jpg 300w, https:\/\/www.quehacerenyucatan.com.mx\/wp-content\/uploads\/2022\/12\/tsukan-santurio-de-vida-1024x768.jpg 1024w, https:\/\/www.quehacerenyucatan.com.mx\/wp-content\/uploads\/2022\/12\/tsukan-santurio-de-vida-768x576.jpg 768w, https:\/\/www.quehacerenyucatan.com.mx\/wp-content\/uploads\/2022\/12\/tsukan-santurio-de-vida.jpg 1200w\" data-sizes=\"(max-width: 300px) 100vw, 300px\" src=\"data:image\/svg+xml;base64,PHN2ZyB3aWR0aD0iMSIgaGVpZ2h0PSIxIiB4bWxucz0iaHR0cDovL3d3dy53My5vcmcvMjAwMC9zdmciPjwvc3ZnPg==\" style=\"--smush-placeholder-width: 300px; --smush-placeholder-aspect-ratio: 300\/225;\" \/><\/a>\n<h4 class=\"pt-cv-title\"><a href=\"https:\/\/www.quehacerenyucatan.com.mx\/?p=5138\" class=\"_self\" target=\"_self\" >Tsuk\u00e1n Santuario de Vida<\/a><\/h4>\n<div class=\"pt-cv-content\">Es un sitio tur\u00edstico para explorar y descubrir, donde preservamos nuestra cultura, tradiciones y naturaleza a trav\u00e9s de experiencias narrativas, ...<br \/><div class=\"pt-cv-rmwrap\"><a href=\"https:\/\/www.quehacerenyucatan.com.mx\/?p=5138\" class=\"_self pt-cv-readmore btn btn-success\" target=\"_self\">Leer M\u00e1s<\/a><\/div><\/div><\/div><\/div><\/div><\/div><\/div>\n\n\n\n<h3 class=\"wp-block-heading\">VIDEOS<\/h3>\n\n\n\n<figure class=\"wp-block-embed is-type-video is-provider-youtube wp-block-embed-youtube wp-embed-aspect-16-9 wp-has-aspect-ratio\"><div class=\"wp-block-embed__wrapper\">\n<iframe title=\"M\u00e9rida 2023 | La Hermosa Capital de Yucat\u00e1n\" width=\"1110\" height=\"624\" data-src=\"https:\/\/www.youtube.com\/embed\/AQZEVuG4cZo?feature=oembed\" frameborder=\"0\" allow=\"accelerometer; autoplay; clipboard-write; encrypted-media; gyroscope; picture-in-picture; web-share\" referrerpolicy=\"strict-origin-when-cross-origin\" allowfullscreen src=\"data:image\/svg+xml;base64,PHN2ZyB3aWR0aD0iMSIgaGVpZ2h0PSIxIiB4bWxucz0iaHR0cDovL3d3dy53My5vcmcvMjAwMC9zdmciPjwvc3ZnPg==\" class=\"lazyload\" data-load-mode=\"1\"><\/iframe>\n<\/div><\/figure>\n","protected":false},"excerpt":{"rendered":"<p>ZONAS ARQUEOL\u00d3GICAS PLAYAS SITIOS Y MONUMENTOS SERVICIOS TUR\u00cdSTICOS VIDEOS<\/p>\n","protected":false},"author":1,"featured_media":0,"parent":0,"menu_order":0,"comment_status":"closed","ping_status":"closed","template":"","meta":{"footnotes":""},"class_list":["post-424","page","type-page","status-publish","hentry"],"jetpack_sharing_enabled":true,"_links":{"self":[{"href":"https:\/\/www.quehacerenyucatan.com.mx\/index.php?rest_route=\/wp\/v2\/pages\/424","targetHints":{"allow":["GET"]}}],"collection":[{"href":"https:\/\/www.quehacerenyucatan.com.mx\/index.php?rest_route=\/wp\/v2\/pages"}],"about":[{"href":"https:\/\/www.quehacerenyucatan.com.mx\/index.php?rest_route=\/wp\/v2\/types\/page"}],"author":[{"embeddable":true,"href":"https:\/\/www.quehacerenyucatan.com.mx\/index.php?rest_route=\/wp\/v2\/users\/1"}],"replies":[{"embeddable":true,"href":"https:\/\/www.quehacerenyucatan.com.mx\/index.php?rest_route=%2Fwp%2Fv2%2Fcomments&post=424"}],"version-history":[{"count":23,"href":"https:\/\/www.quehacerenyucatan.com.mx\/index.php?rest_route=\/wp\/v2\/pages\/424\/revisions"}],"predecessor-version":[{"id":7863,"href":"https:\/\/www.quehacerenyucatan.com.mx\/index.php?rest_route=\/wp\/v2\/pages\/424\/revisions\/7863"}],"wp:attachment":[{"href":"https:\/\/www.quehacerenyucatan.com.mx\/index.php?rest_route=%2Fwp%2Fv2%2Fmedia&parent=424"}],"curies":[{"name":"wp","href":"https:\/\/api.w.org\/{rel}","templated":true}]}}